{"id":565,"date":"2024-02-09T10:51:12","date_gmt":"2024-02-09T10:51:12","guid":{"rendered":"https:\/\/startersites.io\/elementor\/smile-dent\/?page_id=565"},"modified":"2025-06-12T19:28:56","modified_gmt":"2025-06-12T17:28:56","slug":"accueil","status":"publish","type":"page","link":"https:\/\/perynelaurent-therapie.fr\/blog\/","title":{"rendered":"Accueil"},"content":{"rendered":"\t\t<div data-elementor-type=\"wp-page\" data-elementor-id=\"565\" class=\"elementor elementor-565\">\n\t\t\t\t<div class=\"elementor-element elementor-element-94880d6 e-flex e-con-boxed e-con e-parent\" data-id=\"94880d6\" data-element_type=\"container\">\n\t\t\t\t\t<div class=\"e-con-inner\">\n\t\t<div class=\"elementor-element elementor-element-22d4f45 e-flex e-con-boxed e-con e-child\" data-id=\"22d4f45\" data-element_type=\"container\" data-settings=\"{&quot;background_background&quot;:&quot;classic&quot;}\">\n\t\t\t\t\t<div class=\"e-con-inner\">\n\t\t<div class=\"elementor-element elementor-element-db8d53a e-con-full e-flex e-con e-child\" data-id=\"db8d53a\" data-element_type=\"container\">\n\t\t\t\t<div class=\"elementor-element elementor-element-e68bb67 elementor-widget elementor-widget-heading\" data-id=\"e68bb67\" data-element_type=\"widget\" data-widget_type=\"heading.default\">\n\t\t\t\t<div class=\"elementor-widget-container\">\n\t\t\t\t\t<h2 class=\"elementor-heading-title elementor-size-default\">Th\u00e9rapeute sp\u00e9cialis\u00e9e en soin des traumas<\/h2>\t\t\t\t<\/div>\n\t\t\t\t<\/div>\n\t\t\t\t<div class=\"elementor-element elementor-element-0693237 elementor-widget elementor-widget-text-editor\" data-id=\"0693237\" data-element_type=\"widget\" data-widget_type=\"text-editor.default\">\n\t\t\t\t<div class=\"elementor-widget-container\">\n\t\t\t\t\t\t\t\t\t<p>Accompagner votre chemin de gu\u00e9rison \u00e0 travers l&rsquo;exploration du \u00ab\u00a0connais-toi toi-m\u00eame\u00a0\u00bb<\/p>\t\t\t\t\t\t\t\t<\/div>\n\t\t\t\t<\/div>\n\t\t\t\t<\/div>\n\t\t<div class=\"elementor-element elementor-element-2921719 e-con-full e-flex e-con e-child\" data-id=\"2921719\" data-element_type=\"container\">\n\t\t\t\t<div class=\"elementor-element elementor-element-6053556 elementor-widget elementor-widget-image\" data-id=\"6053556\" data-element_type=\"widget\" data-widget_type=\"image.default\">\n\t\t\t\t<div class=\"elementor-widget-container\">\n\t\t\t\t\t\t\t\t\t\t\t\t\t\t\t<img fetchpriority=\"high\" decoding=\"async\" width=\"1024\" height=\"683\" src=\"https:\/\/perynelaurent-therapie.fr\/blog\/wp-content\/uploads\/2025\/06\/1.jpg\" class=\"attachment-large size-large wp-image-1475\" alt=\"\" \/>\t\t\t\t\t\t\t\t\t\t\t\t\t\t\t<\/div>\n\t\t\t\t<\/div>\n\t\t\t\t<\/div>\n\t\t\t\t\t<\/div>\n\t\t\t\t<\/div>\n\t\t\t\t\t<\/div>\n\t\t\t\t<\/div>\n\t\t<div class=\"elementor-element elementor-element-09f0554 e-flex e-con-boxed e-con e-parent\" data-id=\"09f0554\" data-element_type=\"container\">\n\t\t\t\t\t<div class=\"e-con-inner\">\n\t\t\t\t<div class=\"elementor-element elementor-element-0eb781a elementor-widget elementor-widget-heading\" data-id=\"0eb781a\" data-element_type=\"widget\" data-widget_type=\"heading.default\">\n\t\t\t\t<div class=\"elementor-widget-container\">\n\t\t\t\t\t<h2 class=\"elementor-heading-title elementor-size-default\">Ma vision de la th\u00e9rapie<\/h2>\t\t\t\t<\/div>\n\t\t\t\t<\/div>\n\t\t\t\t<div class=\"elementor-element elementor-element-6982cc6 elementor-widget__width-initial elementor-widget elementor-widget-text-editor\" data-id=\"6982cc6\" data-element_type=\"widget\" data-widget_type=\"text-editor.default\">\n\t\t\t\t<div class=\"elementor-widget-container\">\n\t\t\t\t\t\t\t\t\t<p>Dans mes s\u00e9ances, je vous guide \u00e9galement \u00e0 int\u00e9grer la dimension corporelle dans la th\u00e9rapie.<\/p>\t\t\t\t\t\t\t\t<\/div>\n\t\t\t\t<\/div>\n\t\t\t\t\t<\/div>\n\t\t\t\t<\/div>\n\t\t<div class=\"elementor-element elementor-element-2823cc7 e-flex e-con-boxed e-con e-parent\" data-id=\"2823cc7\" data-element_type=\"container\">\n\t\t\t\t\t<div class=\"e-con-inner\">\n\t\t<div class=\"elementor-element elementor-element-56bc1b2 e-con-full e-flex e-con e-child\" data-id=\"56bc1b2\" data-element_type=\"container\" data-settings=\"{&quot;background_background&quot;:&quot;classic&quot;}\">\n\t\t<div class=\"elementor-element elementor-element-dafdc74 e-flex e-con-boxed e-con e-child\" data-id=\"dafdc74\" data-element_type=\"container\" data-settings=\"{&quot;position&quot;:&quot;absolute&quot;}\">\n\t\t\t\t\t<div class=\"e-con-inner\">\n\t\t\t\t<div class=\"elementor-element elementor-element-2212b79 elementor-hidden-mobile elementor-widget elementor-widget-text-editor\" data-id=\"2212b79\" data-element_type=\"widget\" data-widget_type=\"text-editor.default\">\n\t\t\t\t<div class=\"elementor-widget-container\">\n\t\t\t\t\t\t\t\t\t<p>Soutenir un processus d&rsquo;introspection pour une meilleure connaissance de soi<\/p>\t\t\t\t\t\t\t\t<\/div>\n\t\t\t\t<\/div>\n\t\t\t\t\t<\/div>\n\t\t\t\t<\/div>\n\t\t\t\t<\/div>\n\t\t<div class=\"elementor-element elementor-element-aed3fb4 e-con-full e-flex e-con e-child\" data-id=\"aed3fb4\" data-element_type=\"container\" data-settings=\"{&quot;background_background&quot;:&quot;classic&quot;}\">\n\t\t<div class=\"elementor-element elementor-element-941ff23 e-flex e-con-boxed e-con e-child\" data-id=\"941ff23\" data-element_type=\"container\" data-settings=\"{&quot;position&quot;:&quot;absolute&quot;}\">\n\t\t\t\t\t<div class=\"e-con-inner\">\n\t\t\t\t<div class=\"elementor-element elementor-element-0ffa723 elementor-hidden-mobile elementor-widget elementor-widget-text-editor\" data-id=\"0ffa723\" data-element_type=\"widget\" data-widget_type=\"text-editor.default\">\n\t\t\t\t<div class=\"elementor-widget-container\">\n\t\t\t\t\t\t\t\t\t<p>Int\u00e9grer les \u00e9v\u00e8nements douloureux de son histoire<\/p>\t\t\t\t\t\t\t\t<\/div>\n\t\t\t\t<\/div>\n\t\t\t\t\t<\/div>\n\t\t\t\t<\/div>\n\t\t\t\t<\/div>\n\t\t<div class=\"elementor-element elementor-element-6bf0a77 e-con-full e-flex e-con e-child\" data-id=\"6bf0a77\" data-element_type=\"container\" data-settings=\"{&quot;background_background&quot;:&quot;classic&quot;}\">\n\t\t<div class=\"elementor-element elementor-element-cd562d1 e-flex e-con-boxed e-con e-child\" data-id=\"cd562d1\" data-element_type=\"container\" data-settings=\"{&quot;position&quot;:&quot;absolute&quot;}\">\n\t\t\t\t\t<div class=\"e-con-inner\">\n\t\t\t\t<div class=\"elementor-element elementor-element-ef5f196 elementor-hidden-mobile elementor-widget elementor-widget-text-editor\" data-id=\"ef5f196\" data-element_type=\"widget\" data-widget_type=\"text-editor.default\">\n\t\t\t\t<div class=\"elementor-widget-container\">\n\t\t\t\t\t\t\t\t\t<p>\u00c9clairer les zones aveugles de la conscience pour lib\u00e9rer, transformer les filtres qui limitent<\/p>\t\t\t\t\t\t\t\t<\/div>\n\t\t\t\t<\/div>\n\t\t\t\t\t<\/div>\n\t\t\t\t<\/div>\n\t\t\t\t<\/div>\n\t\t\t\t\t<\/div>\n\t\t\t\t<\/div>\n\t\t\t\t<\/div>\n\t\t","protected":false},"excerpt":{"rendered":"<p>Th\u00e9rapeute sp\u00e9cialis\u00e9e en soin des traumas Accompagner votre chemin de gu\u00e9rison \u00e0 travers l&rsquo;exploration du \u00ab\u00a0connais-toi toi-m\u00eame\u00a0\u00bb Ma vision de la th\u00e9rapie Dans mes s\u00e9ances, je vous guide \u00e9galement \u00e0 int\u00e9grer la dimension corporelle dans la th\u00e9rapie. Soutenir un processus d&rsquo;introspection pour une meilleure connaissance de soi Int\u00e9grer les \u00e9v\u00e8nements douloureux de son histoire \u00c9clairer [&hellip;]<\/p>\n","protected":false},"author":1,"featured_media":0,"parent":0,"menu_order":0,"comment_status":"closed","ping_status":"closed","template":"","meta":{"footnotes":""},"class_list":["post-565","page","type-page","status-publish","hentry"],"blocksy_meta":{"has_hero_section":"disabled","vertical_spacing_source":"custom","content_area_spacing":"none","styles_descriptor":{"styles":{"desktop":"","tablet":"","mobile":""},"google_fonts":[],"version":6}},"_links":{"self":[{"href":"https:\/\/perynelaurent-therapie.fr\/blog\/wp-json\/wp\/v2\/pages\/565","targetHints":{"allow":["GET"]}}],"collection":[{"href":"https:\/\/perynelaurent-therapie.fr\/blog\/wp-json\/wp\/v2\/pages"}],"about":[{"href":"https:\/\/perynelaurent-therapie.fr\/blog\/wp-json\/wp\/v2\/types\/page"}],"author":[{"embeddable":true,"href":"https:\/\/perynelaurent-therapie.fr\/blog\/wp-json\/wp\/v2\/users\/1"}],"replies":[{"embeddable":true,"href":"https:\/\/perynelaurent-therapie.fr\/blog\/wp-json\/wp\/v2\/comments?post=565"}],"version-history":[{"count":7,"href":"https:\/\/perynelaurent-therapie.fr\/blog\/wp-json\/wp\/v2\/pages\/565\/revisions"}],"predecessor-version":[{"id":1520,"href":"https:\/\/perynelaurent-therapie.fr\/blog\/wp-json\/wp\/v2\/pages\/565\/revisions\/1520"}],"wp:attachment":[{"href":"https:\/\/perynelaurent-therapie.fr\/blog\/wp-json\/wp\/v2\/media?parent=565"}],"curies":[{"name":"wp","href":"https:\/\/api.w.org\/{rel}","templated":true}]}}